{"id":73,"date":"2023-05-10T11:43:00","date_gmt":"2023-05-10T09:43:00","guid":{"rendered":"http:\/\/jaelia.com\/?page_id=73"},"modified":"2024-07-04T19:09:56","modified_gmt":"2024-07-04T17:09:56","slug":"contact","status":"publish","type":"page","link":"https:\/\/jaelia.com\/en\/contact\/","title":{"rendered":"Contact"},"content":{"rendered":"<div class=\"wp-block-uagb-container uagb-block-35e17d1f alignfull uagb-is-root-container\"><div class=\"uagb-container-inner-blocks-wrap\"><div class=\"wp-block-uagb-forms uagb-forms__outer-wrap uagb-block-99a45028 uagb-forms__medium-btn\"><form class=\"uagb-forms-main-form\" method=\"post\" autocomplete=\"on\" name=\"uagb-form-99a45028\" action=\"\"><div class=\"wp-block-uagb-forms-name uagb-forms-name-wrap uagb-forms-field-set uagb-block-5f97fbf6\"><div class=\"uagb-forms-name-label required uagb-forms-input-label\" id=\"5f97fbf6\">First name<\/div><input type=\"text\" placeholder=\"First name\" required class=\"uagb-forms-name-input uagb-forms-input\" name=\"5f97fbf6\" autocomplete=\"given-name\"\/><\/div>\n\n<div class=\"wp-block-uagb-forms-name uagb-forms-name-wrap uagb-forms-field-set uagb-block-bc96f46d\"><div class=\"uagb-forms-name-label required uagb-forms-input-label\" id=\"bc96f46d\">Nom de Famille<\/div><input type=\"text\" placeholder=\"Last name\" required class=\"uagb-forms-name-input uagb-forms-input\" name=\"bc96f46d\" autocomplete=\"family-name\"\/><\/div>\n\n<div class=\"wp-block-uagb-forms-email uagb-forms-email-wrap uagb-forms-field-set uagb-block-a32f7a62\"><div class=\"uagb-forms-email-label required uagb-forms-input-label\" id=\"a32f7a62\">E-mail<\/div><input type=\"email\" class=\"uagb-forms-email-input uagb-forms-input\" placeholder=\"E-mail\" required name=\"a32f7a62\" autocomplete=\"email\"\/><\/div>\n\n<div class=\"wp-block-uagb-forms-textarea uagb-forms-textarea-wrap uagb-forms-field-set uagb-block-e7af239d\"><div class=\"uagb-forms-textarea-label required uagb-forms-input-label\" id=\"e7af239d\">Message<\/div><textarea required class=\"uagb-forms-textarea-input uagb-forms-input\" rows=\"4\" placeholder=\"Enter your message\" name=\"e7af239d\" autocomplete=\"off\"><\/textarea><\/div><div class=\"uagb-forms-form-hidden-data\"><input type=\"hidden\" id=\"g-recaptcha-response\" class=\"uagb-forms-recaptcha\"\/><input type=\"hidden\" class=\"uagb_forms_form_label\" value=\"Formulaire Spectra\"\/><input type=\"hidden\" class=\"uagb_forms_form_id\" value=\"uagb-form-99a45028\"\/><\/div><div class=\"uagb-form-reacaptcha-error-99a45028\"><\/div><div class=\"uagb-forms-main-submit-button-wrap wp-block-button\"><button class=\"uagb-forms-main-submit-button wp-block-button__link\"><div class=\"uagb-forms-main-submit-button-text\">Send<\/div><\/button><\/div><input type=\"hidden\" name=\"trp-form-language\" value=\"en\"\/><\/form><div class=\"uagb-forms-success-message-99a45028 uagb-forms-submit-message-hide\"><span>Le formulaire a bien \u00e9t\u00e9 envoy\u00e9\u00a0!<\/span><\/div><div class=\"uagb-forms-failed-message-99a45028 uagb-forms-submit-message-hide\"><span>Une erreur s\u2019est produite lors de l\u2019envoi du formulaire. Veuillez v\u00e9rifier \u00e0 nouveau tous les champs du formulaire.<\/span><\/div><\/div><\/div><\/div>","protected":false},"excerpt":{"rendered":"","protected":false},"author":1,"featured_media":0,"parent":0,"menu_order":0,"comment_status":"closed","ping_status":"closed","template":"","meta":{"_uag_custom_page_level_css":"","site-sidebar-layout":"default","site-content-layout":"","ast-site-content-layout":"default","site-content-style":"default","site-sidebar-style":"default","ast-global-header-display":"","ast-banner-title-visibility":"","ast-main-header-display":"","ast-hfb-above-header-display":"","ast-hfb-below-header-display":"","ast-hfb-mobile-header-display":"","site-post-title":"disabled","ast-breadcrumbs-content":"","ast-featured-img":"","footer-sml-layout":"","theme-transparent-header-meta":"","adv-header-id-meta":"","stick-header-meta":"","header-above-stick-meta":"","header-main-stick-meta":"","header-below-stick-meta":"","astra-migrate-meta-layouts":"set","ast-page-background-enabled":"default","ast-page-background-meta":{"desktop":{"background-color":"var(--ast-global-color-4)","background-image":"","background-repeat":"repeat","background-position":"center center","background-size":"auto","background-attachment":"scroll","background-type":"","background-media":"","overlay-type":"","overlay-color":"","overlay-opacity":"","overlay-gradient":""},"tablet":{"background-color":"","background-image":"","background-repeat":"repeat","background-position":"center center","background-size":"auto","background-attachment":"scroll","background-type":"","background-media":"","overlay-type":"","overlay-color":"","overlay-opacity":"","overlay-gradient":""},"mobile":{"background-color":"","background-image":"","background-repeat":"repeat","background-position":"center center","background-size":"auto","background-attachment":"scroll","background-type":"","background-media":"","overlay-type":"","overlay-color":"","overlay-opacity":"","overlay-gradient":""}},"ast-content-background-meta":{"desktop":{"background-color":"var(--ast-global-color-5)","background-image":"","background-repeat":"repeat","background-position":"center center","background-size":"auto","background-attachment":"scroll","background-type":"","background-media":"","overlay-type":"","overlay-color":"","overlay-opacity":"","overlay-gradient":""},"tablet":{"background-color":"var(--ast-global-color-5)","background-image":"","background-repeat":"repeat","background-position":"center center","background-size":"auto","background-attachment":"scroll","background-type":"","background-media":"","overlay-type":"","overlay-color":"","overlay-opacity":"","overlay-gradient":""},"mobile":{"background-color":"var(--ast-global-color-5)","background-image":"","background-repeat":"repeat","background-position":"center center","background-size":"auto","background-attachment":"scroll","background-type":"","background-media":"","overlay-type":"","overlay-color":"","overlay-opacity":"","overlay-gradient":""}},"iawp_total_views":22,"footnotes":""},"class_list":["post-73","page","type-page","status-publish","hentry"],"aioseo_notices":[],"uagb_featured_image_src":{"full":false,"thumbnail":false,"medium":false,"medium_large":false,"large":false,"1536x1536":false,"2048x2048":false,"trp-custom-language-flag":false,"woocommerce_thumbnail":false,"woocommerce_single":false,"woocommerce_gallery_thumbnail":false,"variation_swatches_image_size":false,"variation_swatches_tooltip_size":false,"dgwt-wcas-product-suggestion":false},"uagb_author_info":{"display_name":"Jaelia","author_link":"https:\/\/jaelia.com\/en\/news\/author\/contact-jaeliagmail-com\/"},"uagb_comment_info":0,"uagb_excerpt":null,"_links":{"self":[{"href":"https:\/\/jaelia.com\/en\/wp-json\/wp\/v2\/pages\/73","targetHints":{"allow":["GET"]}}],"collection":[{"href":"https:\/\/jaelia.com\/en\/wp-json\/wp\/v2\/pages"}],"about":[{"href":"https:\/\/jaelia.com\/en\/wp-json\/wp\/v2\/types\/page"}],"author":[{"embeddable":true,"href":"https:\/\/jaelia.com\/en\/wp-json\/wp\/v2\/users\/1"}],"replies":[{"embeddable":true,"href":"https:\/\/jaelia.com\/en\/wp-json\/wp\/v2\/comments?post=73"}],"version-history":[{"count":0,"href":"https:\/\/jaelia.com\/en\/wp-json\/wp\/v2\/pages\/73\/revisions"}],"wp:attachment":[{"href":"https:\/\/jaelia.com\/en\/wp-json\/wp\/v2\/media?parent=73"}],"curies":[{"name":"wp","href":"https:\/\/api.w.org\/{rel}","templated":true}]}}