{"id":3897,"date":"2023-12-15T15:42:28","date_gmt":"2023-12-15T14:42:28","guid":{"rendered":"https:\/\/jaelia.com\/?post_type=product&#038;p=3897"},"modified":"2025-05-27T10:18:41","modified_gmt":"2025-05-27T08:18:41","slug":"jungle-jour-obscur-copie-2","status":"publish","type":"product","link":"https:\/\/jaelia.com\/en\/shop\/impression\/jungle-jour-obscur-copie-2\/","title":{"rendered":"Jungle, jour obscur"},"content":{"rendered":"<p><strong>Limited edition print<\/strong><br \/>\n<em>reproduction de l&rsquo;\u0153uvre originale &lsquo;Jungle, jour obscur&rsquo; &#8211; 2022<\/em><\/p>\n<p>&nbsp;<\/p>\n<ul>\n<li><strong>A4 <\/strong>21 x 29.7 cm* \u2013 limited edition of 75<br \/>\n<strong>A3 <\/strong>29.7 x 42 cm* \u2013 limited edition of 75<\/li>\n<li>numbered and hand-signed<\/li>\n<li>avec certificat d&rsquo;authenticit\u00e9<\/li>\n<li>pigment inks<\/li>\n<li>Fine Art paper 310g - 100% acid-free cotton<\/li>\n<\/ul>\n<p><em><span class=\"HwtZe\" lang=\"fr\"><span class=\"jCAhz ChMk0b\"><span class=\"ryNqvb\">* <\/span><\/span><\/span><\/em><span class=\"HwtZe\" lang=\"fr\"><span class=\"jCAhz ChMk0b\"><span class=\"ryNqvb\">I<\/span><\/span><\/span><span class=\"HwtZe\" lang=\"fr\"><span class=\"jCAhz ChMk0b\"><span class=\"ryNqvb\">ncludes<\/span><\/span><\/span> white border <span class=\"HwtZe\" lang=\"fr\"><span class=\"jCAhz ChMk0b\"><span class=\"ryNqvb\">for signature and easy framing, proportions visible on last image<\/span><\/span><\/span><\/p>\n<p>&nbsp;<\/p>\n<p>A limited edition is a guarantee of rarity. It's a series of identical reproductions in a limited number determined in advance.<br \/>\nOnce all the copies have been sold, there will be no more prints with all these features.<br \/>\nThe number of the reproduction sold may differ from the photo.<\/p>\n<p>&nbsp;<\/p>\n<p><span class=\"HwtZe\" lang=\"fr\"><span class=\"jCAhz ChMk0b\"><span class=\"ryNqvb\">Sold unframed<\/span><\/span><\/span><br \/>\nShipping costs calculated at checkout<br \/>\n<span class=\"HwtZe\" lang=\"fr\"><span class=\"jCAhz ChMk0b\"><span class=\"ryNqvb\">Shipped flat and carefully protected<\/span><\/span><\/span><br \/>\n<span class=\"HwtZe\" lang=\"fr\"><span class=\"jCAhz ChMk0b\"><span class=\"ryNqvb\">Insured for transport and delivered within 2-3 weeks<\/span><\/span><\/span><\/p>\n<p>&nbsp;<\/p>\n<p><em><span class=\"HwtZe\" lang=\"fr\"><span class=\"jCAhz ChMk0b\"><span class=\"ryNqvb\">Please note that colors may vary slightly from those displayed on your monitor.<\/span><\/span><\/span><\/em><\/p>\n<p>&nbsp;<\/p>\n<p><em>\u2018Jungle, jour obscur\u2019 \u2013 Jungle, dark day<br \/>\n<\/em><\/p>","protected":false},"excerpt":{"rendered":"<p>&nbsp;<\/p>\n<p><strong>Limited edition print<\/strong><br \/>\n<em>reproduction de l&rsquo;\u0153uvre originale<\/em><\/p>\n<p><em>&lsquo;<\/em><em>Un morceau de jungle fig\u00e9 dans une lumi\u00e8re vive.&rsquo;<\/em><\/p>\n<p>&nbsp;<\/p>\n<p><strong>A4 <\/strong>21 x 29.7 cm \u2013 limited edition of 75<br \/>\n<strong>A3 <\/strong>29.7 x 42 cm \u2013 limited edition of 75<\/p>","protected":false},"featured_media":5683,"template":"","meta":{"_uag_custom_page_level_css":"","site-sidebar-layout":"default","site-content-layout":"default","ast-site-content-layout":"default","site-content-style":"default","site-sidebar-style":"default","ast-global-header-display":"","ast-banner-title-visibility":"","ast-main-header-display":"","ast-hfb-above-header-display":"","ast-hfb-below-header-display":"","ast-hfb-mobile-header-display":"","site-post-title":"","ast-breadcrumbs-content":"","ast-featured-img":"","footer-sml-layout":"","theme-transparent-header-meta":"default","adv-header-id-meta":"","stick-header-meta":"","header-above-stick-meta":"","header-main-stick-meta":"","header-below-stick-meta":"","astra-migrate-meta-layouts":"set","ast-page-background-enabled":"default","ast-page-background-meta":{"desktop":{"background-color":"var(--ast-global-color-4)","background-image":"","background-repeat":"repeat","background-position":"center center","background-size":"auto","background-attachment":"scroll","background-type":"","background-media":"","overlay-type":"","overlay-color":"","overlay-opacity":"","overlay-gradient":""},"tablet":{"background-color":"","background-image":"","background-repeat":"repeat","background-position":"center center","background-size":"auto","background-attachment":"scroll","background-type":"","background-media":"","overlay-type":"","overlay-color":"","overlay-opacity":"","overlay-gradient":""},"mobile":{"background-color":"","background-image":"","background-repeat":"repeat","background-position":"center center","background-size":"auto","background-attachment":"scroll","background-type":"","background-media":"","overlay-type":"","overlay-color":"","overlay-opacity":"","overlay-gradient":""}},"ast-content-background-meta":{"desktop":{"background-color":"var(--ast-global-color-5)","background-image":"","background-repeat":"repeat","background-position":"center center","background-size":"auto","background-attachment":"scroll","background-type":"","background-media":"","overlay-type":"","overlay-color":"","overlay-opacity":"","overlay-gradient":""},"tablet":{"background-color":"var(--ast-global-color-5)","background-image":"","background-repeat":"repeat","background-position":"center center","background-size":"auto","background-attachment":"scroll","background-type":"","background-media":"","overlay-type":"","overlay-color":"","overlay-opacity":"","overlay-gradient":""},"mobile":{"background-color":"var(--ast-global-color-5)","background-image":"","background-repeat":"repeat","background-position":"center center","background-size":"auto","background-attachment":"scroll","background-type":"","background-media":"","overlay-type":"","overlay-color":"","overlay-opacity":"","overlay-gradient":""}},"iawp_total_views":17},"product_brand":[],"product_cat":[93],"product_tag":[],"class_list":{"0":"post-3897","1":"product","2":"type-product","3":"status-publish","4":"has-post-thumbnail","6":"product_cat-impression","7":"product_shipping_class-impression","8":"desktop-align-center","9":"tablet-align-center","10":"mobile-align-left","12":"first","13":"instock","14":"taxable","15":"shipping-taxable","16":"purchasable","17":"product-type-variable"},"aioseo_notices":[],"uagb_featured_image_src":{"full":["https:\/\/jaelia.com\/wp-content\/uploads\/2023\/12\/jungle-jour-obscur_print-G_03-05.png",394,394,false],"thumbnail":["https:\/\/jaelia.com\/wp-content\/uploads\/2023\/12\/jungle-jour-obscur_print-G_03-05-150x150.png",150,150,true],"medium":["https:\/\/jaelia.com\/wp-content\/uploads\/2023\/12\/jungle-jour-obscur_print-G_03-05-300x300.png",300,300,true],"medium_large":["https:\/\/jaelia.com\/wp-content\/uploads\/2023\/12\/jungle-jour-obscur_print-G_03-05.png",394,394,false],"large":["https:\/\/jaelia.com\/wp-content\/uploads\/2023\/12\/jungle-jour-obscur_print-G_03-05.png",394,394,false],"1536x1536":["https:\/\/jaelia.com\/wp-content\/uploads\/2023\/12\/jungle-jour-obscur_print-G_03-05.png",394,394,false],"2048x2048":["https:\/\/jaelia.com\/wp-content\/uploads\/2023\/12\/jungle-jour-obscur_print-G_03-05.png",394,394,false],"trp-custom-language-flag":["https:\/\/jaelia.com\/wp-content\/uploads\/2023\/12\/jungle-jour-obscur_print-G_03-05-12x12.png",12,12,true],"woocommerce_thumbnail":["https:\/\/jaelia.com\/wp-content\/uploads\/2023\/12\/jungle-jour-obscur_print-G_03-05-300x300.png",300,300,true],"woocommerce_single":["https:\/\/jaelia.com\/wp-content\/uploads\/2023\/12\/jungle-jour-obscur_print-G_03-05.png",394,394,false],"woocommerce_gallery_thumbnail":["https:\/\/jaelia.com\/wp-content\/uploads\/2023\/12\/jungle-jour-obscur_print-G_03-05-100x100.png",100,100,true],"variation_swatches_image_size":["https:\/\/jaelia.com\/wp-content\/uploads\/2023\/12\/jungle-jour-obscur_print-G_03-05-50x50.png",50,50,true],"variation_swatches_tooltip_size":["https:\/\/jaelia.com\/wp-content\/uploads\/2023\/12\/jungle-jour-obscur_print-G_03-05-100x100.png",100,100,true],"dgwt-wcas-product-suggestion":["https:\/\/jaelia.com\/wp-content\/uploads\/2023\/12\/jungle-jour-obscur_print-G_03-05-64x64.png",64,64,true]},"uagb_author_info":{"display_name":"Jaelia","author_link":"https:\/\/jaelia.com\/en\/news\/author\/"},"uagb_comment_info":0,"uagb_excerpt":"&nbsp; Tirage en \u00e9dition limit\u00e9e reproduction de l'\u0153uvre originale 'Un morceau de jungle fig\u00e9 dans une lumi\u00e8re vive.' &nbsp; A4 21 x 29.7 cm - \u00e9dition limit\u00e9e \u00e0 75 exemplaires A3 29.7 x 42 cm - \u00e9dition limit\u00e9e \u00e0 75 exemplaires","_links":{"self":[{"href":"https:\/\/jaelia.com\/en\/wp-json\/wp\/v2\/product\/3897","targetHints":{"allow":["GET"]}}],"collection":[{"href":"https:\/\/jaelia.com\/en\/wp-json\/wp\/v2\/product"}],"about":[{"href":"https:\/\/jaelia.com\/en\/wp-json\/wp\/v2\/types\/product"}],"wp:featuredmedia":[{"embeddable":true,"href":"https:\/\/jaelia.com\/en\/wp-json\/wp\/v2\/media\/5683"}],"wp:attachment":[{"href":"https:\/\/jaelia.com\/en\/wp-json\/wp\/v2\/media?parent=3897"}],"wp:term":[{"taxonomy":"product_brand","embeddable":true,"href":"https:\/\/jaelia.com\/en\/wp-json\/wp\/v2\/product_brand?post=3897"},{"taxonomy":"product_cat","embeddable":true,"href":"https:\/\/jaelia.com\/en\/wp-json\/wp\/v2\/product_cat?post=3897"},{"taxonomy":"product_tag","embeddable":true,"href":"https:\/\/jaelia.com\/en\/wp-json\/wp\/v2\/product_tag?post=3897"}],"curies":[{"name":"wp","href":"https:\/\/api.w.org\/{rel}","templated":true}]}}