{"id":3911,"date":"2023-12-15T15:48:51","date_gmt":"2023-12-15T14:48:51","guid":{"rendered":"https:\/\/jaelia.com\/?post_type=product&#038;p=3911"},"modified":"2025-05-27T10:09:51","modified_gmt":"2025-05-27T08:09:51","slug":"colline-bleue-copie","status":"publish","type":"product","link":"https:\/\/jaelia.com\/en\/shop\/oeuvre-originale\/colline-bleue-copie\/","title":{"rendered":"Colline bleue"},"content":{"rendered":"<p><strong>Original artwork <em>&lsquo;Colline bleue&rsquo; &#8211; 2023<\/em><\/strong><\/p>\n<ul>\n<li>unique work<\/li>\n<li>hand-signed<\/li>\n<li>avec certificat d&rsquo;authenticit\u00e9<\/li>\n<li>acrylic painting mixed media<\/li>\n<li>linen canvas mounted on wooden stretcher<\/li>\n<li>satin-finish varnish<\/li>\n<li>38 x 55 cm<\/li>\n<\/ul>\n<p>Insured during shipment<em><br \/>\n<\/em>Shipped flat and carefully protected<em><br \/>\n<\/em><\/p>\n<p>&nbsp;<\/p>\n<p><em>Artwork sold unframed<br \/>\nVeuillez noter que les couleurs peuvent l\u00e9g\u00e8rement varier par rapport \u00e0 l&rsquo;affichage sur votre \u00e9cran<\/em><\/p>\n<p>&nbsp;<\/p>\n<p><em>\u2018Colline bleue\u2019 &#8211; Blue Hill<\/em><\/p>\n<p>&nbsp;<\/p>","protected":false},"excerpt":{"rendered":"<p>&nbsp;<\/p>\n<p><strong>Original artwork on canvas<br \/>\n<\/strong><\/p>\n<p><em>&lsquo;La nuit tombe. Au loin, les collines se teintent de bleu tandis que les buissons fleuris s&rsquo;effacent dans l&rsquo;obscurit\u00e9 naissante.<\/em><em>&lsquo;<\/em><\/p>","protected":false},"featured_media":4992,"template":"","meta":{"_uag_custom_page_level_css":"","site-sidebar-layout":"default","site-content-layout":"default","ast-site-content-layout":"default","site-content-style":"default","site-sidebar-style":"default","ast-global-header-display":"","ast-banner-title-visibility":"","ast-main-header-display":"","ast-hfb-above-header-display":"","ast-hfb-below-header-display":"","ast-hfb-mobile-header-display":"","site-post-title":"","ast-breadcrumbs-content":"","ast-featured-img":"","footer-sml-layout":"","theme-transparent-header-meta":"default","adv-header-id-meta":"","stick-header-meta":"","header-above-stick-meta":"","header-main-stick-meta":"","header-below-stick-meta":"","astra-migrate-meta-layouts":"set","ast-page-background-enabled":"default","ast-page-background-meta":{"desktop":{"background-color":"var(--ast-global-color-4)","background-image":"","background-repeat":"repeat","background-position":"center center","background-size":"auto","background-attachment":"scroll","background-type":"","background-media":"","overlay-type":"","overlay-color":"","overlay-opacity":"","overlay-gradient":""},"tablet":{"background-color":"","background-image":"","background-repeat":"repeat","background-position":"center center","background-size":"auto","background-attachment":"scroll","background-type":"","background-media":"","overlay-type":"","overlay-color":"","overlay-opacity":"","overlay-gradient":""},"mobile":{"background-color":"","background-image":"","background-repeat":"repeat","background-position":"center center","background-size":"auto","background-attachment":"scroll","background-type":"","background-media":"","overlay-type":"","overlay-color":"","overlay-opacity":"","overlay-gradient":""}},"ast-content-background-meta":{"desktop":{"background-color":"var(--ast-global-color-5)","background-image":"","background-repeat":"repeat","background-position":"center center","background-size":"auto","background-attachment":"scroll","background-type":"","background-media":"","overlay-type":"","overlay-color":"","overlay-opacity":"","overlay-gradient":""},"tablet":{"background-color":"var(--ast-global-color-5)","background-image":"","background-repeat":"repeat","background-position":"center center","background-size":"auto","background-attachment":"scroll","background-type":"","background-media":"","overlay-type":"","overlay-color":"","overlay-opacity":"","overlay-gradient":""},"mobile":{"background-color":"var(--ast-global-color-5)","background-image":"","background-repeat":"repeat","background-position":"center center","background-size":"auto","background-attachment":"scroll","background-type":"","background-media":"","overlay-type":"","overlay-color":"","overlay-opacity":"","overlay-gradient":""}},"iawp_total_views":28},"product_brand":[],"product_cat":[92],"product_tag":[],"class_list":{"0":"post-3911","1":"product","2":"type-product","3":"status-publish","4":"has-post-thumbnail","6":"product_cat-oeuvre-originale","7":"product_shipping_class-original-l","8":"desktop-align-center","9":"tablet-align-center","10":"mobile-align-left","12":"first","13":"instock","14":"sold-individually","15":"taxable","16":"shipping-taxable","17":"purchasable","18":"product-type-simple"},"aioseo_notices":[],"uagb_featured_image_src":{"full":["https:\/\/jaelia.com\/wp-content\/uploads\/2023\/12\/colline-bleue-img13-G.png",394,394,false],"thumbnail":["https:\/\/jaelia.com\/wp-content\/uploads\/2023\/12\/colline-bleue-img13-G-150x150.png",150,150,true],"medium":["https:\/\/jaelia.com\/wp-content\/uploads\/2023\/12\/colline-bleue-img13-G-300x300.png",300,300,true],"medium_large":["https:\/\/jaelia.com\/wp-content\/uploads\/2023\/12\/colline-bleue-img13-G.png",394,394,false],"large":["https:\/\/jaelia.com\/wp-content\/uploads\/2023\/12\/colline-bleue-img13-G.png",394,394,false],"1536x1536":["https:\/\/jaelia.com\/wp-content\/uploads\/2023\/12\/colline-bleue-img13-G.png",394,394,false],"2048x2048":["https:\/\/jaelia.com\/wp-content\/uploads\/2023\/12\/colline-bleue-img13-G.png",394,394,false],"trp-custom-language-flag":["https:\/\/jaelia.com\/wp-content\/uploads\/2023\/12\/colline-bleue-img13-G-12x12.png",12,12,true],"woocommerce_thumbnail":["https:\/\/jaelia.com\/wp-content\/uploads\/2023\/12\/colline-bleue-img13-G-300x300.png",300,300,true],"woocommerce_single":["https:\/\/jaelia.com\/wp-content\/uploads\/2023\/12\/colline-bleue-img13-G.png",394,394,false],"woocommerce_gallery_thumbnail":["https:\/\/jaelia.com\/wp-content\/uploads\/2023\/12\/colline-bleue-img13-G-100x100.png",100,100,true],"variation_swatches_image_size":["https:\/\/jaelia.com\/wp-content\/uploads\/2023\/12\/colline-bleue-img13-G-50x50.png",50,50,true],"variation_swatches_tooltip_size":["https:\/\/jaelia.com\/wp-content\/uploads\/2023\/12\/colline-bleue-img13-G-100x100.png",100,100,true],"dgwt-wcas-product-suggestion":["https:\/\/jaelia.com\/wp-content\/uploads\/2023\/12\/colline-bleue-img13-G-64x64.png",64,64,true]},"uagb_author_info":{"display_name":"Jaelia","author_link":"https:\/\/jaelia.com\/en\/news\/author\/"},"uagb_comment_info":0,"uagb_excerpt":"&nbsp; \u0152uvre originale sur toile 'La nuit tombe. Au loin, les collines se teintent de bleu tandis que les buissons fleuris s'effacent dans l'obscurit\u00e9 naissante.'","_links":{"self":[{"href":"https:\/\/jaelia.com\/en\/wp-json\/wp\/v2\/product\/3911","targetHints":{"allow":["GET"]}}],"collection":[{"href":"https:\/\/jaelia.com\/en\/wp-json\/wp\/v2\/product"}],"about":[{"href":"https:\/\/jaelia.com\/en\/wp-json\/wp\/v2\/types\/product"}],"wp:featuredmedia":[{"embeddable":true,"href":"https:\/\/jaelia.com\/en\/wp-json\/wp\/v2\/media\/4992"}],"wp:attachment":[{"href":"https:\/\/jaelia.com\/en\/wp-json\/wp\/v2\/media?parent=3911"}],"wp:term":[{"taxonomy":"product_brand","embeddable":true,"href":"https:\/\/jaelia.com\/en\/wp-json\/wp\/v2\/product_brand?post=3911"},{"taxonomy":"product_cat","embeddable":true,"href":"https:\/\/jaelia.com\/en\/wp-json\/wp\/v2\/product_cat?post=3911"},{"taxonomy":"product_tag","embeddable":true,"href":"https:\/\/jaelia.com\/en\/wp-json\/wp\/v2\/product_tag?post=3911"}],"curies":[{"name":"wp","href":"https:\/\/api.w.org\/{rel}","templated":true}]}}