{"id":6637,"date":"2025-01-17T14:16:22","date_gmt":"2025-01-17T13:16:22","guid":{"rendered":"https:\/\/jaelia.com\/?post_type=product&#038;p=6637"},"modified":"2025-05-25T16:34:29","modified_gmt":"2025-05-25T14:34:29","slug":"bientot-la-nuit","status":"publish","type":"product","link":"https:\/\/jaelia.com\/en\/shop\/oeuvre-originale\/bientot-la-nuit\/","title":{"rendered":"Bient\u00f4t la nuit"},"content":{"rendered":"<p><strong>Original artwork <em>&lsquo;Bient\u00f4t la nuit&rsquo; &#8211; 2025<\/em><\/strong><\/p>\n<ul>\n<li>unique work<\/li>\n<li>hand-signed<\/li>\n<li>avec certificat d&rsquo;authenticit\u00e9<\/li>\n<li>peinture acrylique<\/li>\n<li>thick acid-free Fine Art paper with linen grain<\/li>\n<li>satin-finish varnish<\/li>\n<li>50 x 65 cm &#8211; <em><span class=\"HwtZe\" lang=\"fr\"><span class=\"jCAhz ChMk0b\"><span class=\"ryNqvb\">includes<\/span><\/span><\/span> 2 cm raw border <span class=\"HwtZe\" lang=\"fr\"><span class=\"jCAhz ChMk0b\"><span class=\"ryNqvb\">for easy framing<\/span><\/span><\/span><\/em><\/li>\n<\/ul>\n<p>Insured during shipment<em><br \/>\n<\/em>Sold unframed \/ Shipped rolled and carefully protected<br \/>\n<em>Veuillez noter que les couleurs peuvent l\u00e9g\u00e8rement varier par rapport \u00e0 l&rsquo;affichage sur votre \u00e9cran<\/em><\/p>\n<p>&nbsp;<\/p>\n<p><em>\u2018Bient\u00f4t la nuit\u2019 \u2013 Soon it will be night<br \/>\n<\/em><\/p>\n<p>&nbsp;<\/p>","protected":false},"excerpt":{"rendered":"<p>&nbsp;<\/p>\n<p><strong>Original artwork on paper<\/strong><\/p>\n<p><em>&lsquo;Une colline, d\u00e9j\u00e0 sombre sous le cr\u00e9puscule, appara\u00eet entre les troncs d&rsquo;arbres.<\/em><em>&lsquo;<\/em><\/p>","protected":false},"featured_media":6651,"template":"","meta":{"_uag_custom_page_level_css":"","site-sidebar-layout":"default","site-content-layout":"default","ast-site-content-layout":"default","site-content-style":"default","site-sidebar-style":"default","ast-global-header-display":"","ast-banner-title-visibility":"","ast-main-header-display":"","ast-hfb-above-header-display":"","ast-hfb-below-header-display":"","ast-hfb-mobile-header-display":"","site-post-title":"","ast-breadcrumbs-content":"","ast-featured-img":"","footer-sml-layout":"","theme-transparent-header-meta":"default","adv-header-id-meta":"","stick-header-meta":"","header-above-stick-meta":"","header-main-stick-meta":"","header-below-stick-meta":"","astra-migrate-meta-layouts":"set","ast-page-background-enabled":"default","ast-page-background-meta":{"desktop":{"background-color":"var(--ast-global-color-4)","background-image":"","background-repeat":"repeat","background-position":"center center","background-size":"auto","background-attachment":"scroll","background-type":"","background-media":"","overlay-type":"","overlay-color":"","overlay-opacity":"","overlay-gradient":""},"tablet":{"background-color":"","background-image":"","background-repeat":"repeat","background-position":"center center","background-size":"auto","background-attachment":"scroll","background-type":"","background-media":"","overlay-type":"","overlay-color":"","overlay-opacity":"","overlay-gradient":""},"mobile":{"background-color":"","background-image":"","background-repeat":"repeat","background-position":"center center","background-size":"auto","background-attachment":"scroll","background-type":"","background-media":"","overlay-type":"","overlay-color":"","overlay-opacity":"","overlay-gradient":""}},"ast-content-background-meta":{"desktop":{"background-color":"var(--ast-global-color-5)","background-image":"","background-repeat":"repeat","background-position":"center center","background-size":"auto","background-attachment":"scroll","background-type":"","background-media":"","overlay-type":"","overlay-color":"","overlay-opacity":"","overlay-gradient":""},"tablet":{"background-color":"var(--ast-global-color-5)","background-image":"","background-repeat":"repeat","background-position":"center center","background-size":"auto","background-attachment":"scroll","background-type":"","background-media":"","overlay-type":"","overlay-color":"","overlay-opacity":"","overlay-gradient":""},"mobile":{"background-color":"var(--ast-global-color-5)","background-image":"","background-repeat":"repeat","background-position":"center center","background-size":"auto","background-attachment":"scroll","background-type":"","background-media":"","overlay-type":"","overlay-color":"","overlay-opacity":"","overlay-gradient":""}},"iawp_total_views":5},"product_brand":[],"product_cat":[92],"product_tag":[],"class_list":{"0":"post-6637","1":"product","2":"type-product","3":"status-publish","4":"has-post-thumbnail","6":"product_cat-oeuvre-originale","7":"product_shipping_class-original-s","8":"desktop-align-center","9":"tablet-align-center","10":"mobile-align-left","12":"first","13":"instock","14":"sold-individually","15":"taxable","16":"shipping-taxable","17":"purchasable","18":"product-type-simple"},"aioseo_notices":[],"uagb_featured_image_src":{"full":["https:\/\/jaelia.com\/wp-content\/uploads\/2025\/01\/visu3-bientot-la-nuit.jpg",394,394,false],"thumbnail":["https:\/\/jaelia.com\/wp-content\/uploads\/2025\/01\/visu3-bientot-la-nuit-150x150.jpg",150,150,true],"medium":["https:\/\/jaelia.com\/wp-content\/uploads\/2025\/01\/visu3-bientot-la-nuit-300x300.jpg",300,300,true],"medium_large":["https:\/\/jaelia.com\/wp-content\/uploads\/2025\/01\/visu3-bientot-la-nuit.jpg",394,394,false],"large":["https:\/\/jaelia.com\/wp-content\/uploads\/2025\/01\/visu3-bientot-la-nuit.jpg",394,394,false],"1536x1536":["https:\/\/jaelia.com\/wp-content\/uploads\/2025\/01\/visu3-bientot-la-nuit.jpg",394,394,false],"2048x2048":["https:\/\/jaelia.com\/wp-content\/uploads\/2025\/01\/visu3-bientot-la-nuit.jpg",394,394,false],"trp-custom-language-flag":["https:\/\/jaelia.com\/wp-content\/uploads\/2025\/01\/visu3-bientot-la-nuit-12x12.jpg",12,12,true],"woocommerce_thumbnail":["https:\/\/jaelia.com\/wp-content\/uploads\/2025\/01\/visu3-bientot-la-nuit-300x300.jpg",300,300,true],"woocommerce_single":["https:\/\/jaelia.com\/wp-content\/uploads\/2025\/01\/visu3-bientot-la-nuit.jpg",394,394,false],"woocommerce_gallery_thumbnail":["https:\/\/jaelia.com\/wp-content\/uploads\/2025\/01\/visu3-bientot-la-nuit-100x100.jpg",100,100,true],"variation_swatches_image_size":["https:\/\/jaelia.com\/wp-content\/uploads\/2025\/01\/visu3-bientot-la-nuit-50x50.jpg",50,50,true],"variation_swatches_tooltip_size":["https:\/\/jaelia.com\/wp-content\/uploads\/2025\/01\/visu3-bientot-la-nuit-100x100.jpg",100,100,true],"dgwt-wcas-product-suggestion":["https:\/\/jaelia.com\/wp-content\/uploads\/2025\/01\/visu3-bientot-la-nuit-64x64.jpg",64,64,true]},"uagb_author_info":{"display_name":"Jaelia","author_link":"https:\/\/jaelia.com\/en\/news\/author\/"},"uagb_comment_info":0,"uagb_excerpt":"&nbsp; \u0152uvre originale sur papier 'Une colline, d\u00e9j\u00e0 sombre sous le cr\u00e9puscule, appara\u00eet entre les troncs d'arbres.'","_links":{"self":[{"href":"https:\/\/jaelia.com\/en\/wp-json\/wp\/v2\/product\/6637","targetHints":{"allow":["GET"]}}],"collection":[{"href":"https:\/\/jaelia.com\/en\/wp-json\/wp\/v2\/product"}],"about":[{"href":"https:\/\/jaelia.com\/en\/wp-json\/wp\/v2\/types\/product"}],"wp:featuredmedia":[{"embeddable":true,"href":"https:\/\/jaelia.com\/en\/wp-json\/wp\/v2\/media\/6651"}],"wp:attachment":[{"href":"https:\/\/jaelia.com\/en\/wp-json\/wp\/v2\/media?parent=6637"}],"wp:term":[{"taxonomy":"product_brand","embeddable":true,"href":"https:\/\/jaelia.com\/en\/wp-json\/wp\/v2\/product_brand?post=6637"},{"taxonomy":"product_cat","embeddable":true,"href":"https:\/\/jaelia.com\/en\/wp-json\/wp\/v2\/product_cat?post=6637"},{"taxonomy":"product_tag","embeddable":true,"href":"https:\/\/jaelia.com\/en\/wp-json\/wp\/v2\/product_tag?post=6637"}],"curies":[{"name":"wp","href":"https:\/\/api.w.org\/{rel}","templated":true}]}}